{"id":619,"date":"2025-03-20T16:28:43","date_gmt":"2025-03-20T14:28:43","guid":{"rendered":"https:\/\/marathon.com.ro\/?page_id=619"},"modified":"2026-04-07T13:21:49","modified_gmt":"2026-04-07T10:21:49","slug":"implicare-sociala","status":"publish","type":"page","link":"https:\/\/marathon.com.ro\/en\/implicare-sociala\/","title":{"rendered":"Social involvement"},"content":{"rendered":"<div id=\"fws_69e7a0ed09a18\"  data-column-margin=\"default\" data-midnight=\"dark\" data-top-percent=\"8%\" data-bottom-percent=\"3%\"  class=\"wpb_row vc_row-fluid vc_row full-width-section vc_row-o-equal-height vc_row-flex vc_row-o-content-top  top_padding_tablet_16pct top_padding_phone_22pct bottom_padding_tablet_10pct bottom_padding_phone_8pct\"  style=\"padding-top: calc(100vw * 0.08); padding-bottom: calc(100vw * 0.03); \"><div class=\"row-bg-wrap\" data-bg-animation=\"none\" data-bg-animation-delay=\"\" data-bg-overlay=\"false\"><div class=\"inner-wrap row-bg-layer\" ><div class=\"row-bg viewport-desktop using-bg-color\"  style=\"background-color: #3a57ed; \"><\/div><\/div><\/div><div class=\"row_col_wrap_12 col span_12 dark left\">\n\t<div  class=\"vc_col-sm-12 wpb_column column_container vc_column_container col no-extra-padding inherit_tablet inherit_phone\"  data-padding-pos=\"all\" data-has-bg-color=\"false\" data-bg-color=\"\" data-bg-opacity=\"1\" data-animation=\"\" data-delay=\"0\" >\n\t\t<div class=\"vc_column-inner\" >\n\t\t\t<div class=\"wpb_wrapper\">\n\t\t\t\t<div id=\"fws_69e7a0ed0a18f\" data-midnight=\"\" data-column-margin=\"default\" class=\"wpb_row vc_row-fluid vc_row inner_row vc_row-o-equal-height vc_row-flex vc_row-o-content-middle\"  style=\"\"><div class=\"row-bg-wrap\"> <div class=\"row-bg\" ><\/div> <\/div><div class=\"row_col_wrap_12_inner col span_12  left\">\n\t<div  class=\"vc_col-sm-6 wpb_column column_container vc_column_container col child_column no-extra-padding el_spacing_0px inherit_tablet inherit_phone\"   data-padding-pos=\"all\" data-has-bg-color=\"false\" data-bg-color=\"\" data-bg-opacity=\"1\" data-animation=\"\" data-delay=\"0\" >\n\t\t<div class=\"vc_column-inner\" >\n\t\t<div class=\"wpb_wrapper\">\n\t\t\t<div class=\"nectar-split-heading  font_size_6vw font_size_max_108px font_size_tablet_7vw font_line_height_1px\" data-align=\"default\" data-m-align=\"inherit\" data-text-effect=\"letter-reveal-bottom\" data-animation-type=\"line-reveal-by-space\" data-animation-delay=\"0\" data-animation-offset=\"\" data-m-rm-animation=\"\" data-stagger=\"true\" data-custom-font-size=\"true\" style=\"font-size: 6vw; line-height: 6.6vw;\"><h2 style=\" color: #ffffff;\">Social involvement<\/h2><\/div>\n\t\t<\/div> \n\t<\/div>\n\t<\/div> \n\n\t<div  class=\"vc_col-sm-6 wpb_column column_container vc_column_container col child_column el_spacing_30px right_padding_tablet_0px\"   data-padding-pos=\"all\" data-has-bg-color=\"false\" data-bg-color=\"\" data-bg-opacity=\"1\" data-animation=\"\" data-delay=\"0\" >\n\t\t<div class=\"vc_column-inner\" >\n\t\t<div class=\"wpb_wrapper\">\n\t\t\t\n\t\t<\/div> \n\t<\/div>\n\t<\/div> \n<\/div><\/div>\n\t\t\t<\/div> \n\t\t<\/div>\n\t<\/div> \n<\/div><\/div>\n\t\t<div id=\"fws_69e7a0ed0aae0\"  data-column-margin=\"default\" data-midnight=\"dark\" data-top-percent=\"3%\" data-bottom-percent=\"8%\"  class=\"wpb_row vc_row-fluid vc_row full-width-section vc_row-o-equal-height vc_row-flex vc_row-o-content-middle  shape_divider_phone_0px reverse_columns_column_phone top_padding_tablet_16pct top_padding_phone_8pct bottom_padding_tablet_10pct bottom_padding_phone_14pct\"  style=\"padding-top: calc(100vw * 0.03); padding-bottom: calc(100vw * 0.08); \"><div class=\"row-bg-wrap\" data-bg-animation=\"none\" data-bg-animation-delay=\"\" data-bg-overlay=\"false\"><div class=\"inner-wrap row-bg-layer\" ><div class=\"row-bg viewport-desktop\"  style=\"\"><\/div><\/div><\/div><div class=\"row_col_wrap_12 col span_12 dark left\">\n\t<div  class=\"vc_col-sm-6 wpb_column column_container vc_column_container col no-extra-padding inherit_tablet inherit_phone\"  data-padding-pos=\"all\" data-has-bg-color=\"false\" data-bg-color=\"\" data-bg-opacity=\"1\" data-animation=\"\" data-delay=\"0\" >\n\t\t<div class=\"vc_column-inner\" >\n\t\t\t<div class=\"wpb_wrapper\">\n\t\t\t\t<div id=\"fws_69e7a0ed0aed1\" data-midnight=\"\" data-column-margin=\"default\" class=\"wpb_row vc_row-fluid vc_row inner_row  reverse_columns_column_phone\"  style=\"\"><div class=\"row-bg-wrap\"> <div class=\"row-bg\" ><\/div> <\/div><div class=\"row_col_wrap_12_inner col span_12  left\">\n\t<div  class=\"vc_col-sm-12 wpb_column column_container vc_column_container col child_column no-extra-padding top_margin_phone_10px inherit_tablet inherit_phone\"   data-padding-pos=\"all\" data-has-bg-color=\"false\" data-bg-color=\"\" data-bg-opacity=\"1\" data-animation=\"\" data-delay=\"0\" >\n\t\t<div class=\"vc_column-inner\" >\n\t\t<div class=\"wpb_wrapper\">\n\t\t\t<div class=\"divider-wrap height_phone_6px\" data-alignment=\"default\"><div style=\"height: 20px;\" class=\"divider\"><\/div><\/div><div class=\"nectar-responsive-text font_size_desktop_20px font_size_tablet_18px font_size_phone_15px font_line_height_1-4 nectar-link-underline-effect\" style=\"max-width: 92%;\"><p><strong>For 14 years, we stood by 830 seniors who wished for a hot meal but cannot afford one.<\/strong><\/p>\n<p>We have spoken little about the Marathon Social Aid Association, but we have tried to do as much as possible.<\/p>\n<p>In April 2010, at 170-176 Basarabia Street, our most beautiful project was born: a social canteen for vulnerable people of any religion or ethnicity, whose common denominator is a sad reality marked by modest income or no income at all.<\/p>\n<p>Six days a week, in our canteen we offer these people a three-course lunch, prepared with the best of our products.<\/p>\n<p>We don\u2019t believe in limitations of time or space, so in 2020 we opened a second social canteen in the city of Turda, near Cluj-Napoca.<\/p>\n<\/div><div class=\"divider-wrap height_phone_6px\" data-alignment=\"default\"><div style=\"height: 40px;\" class=\"divider\"><\/div><\/div>\n\t\t<\/div> \n\t<\/div>\n\t<\/div> \n<\/div><\/div><div id=\"fws_69e7a0ed0b853\" data-midnight=\"\" data-column-margin=\"default\" class=\"wpb_row vc_row-fluid vc_row inner_row\"  style=\"\"><div class=\"row-bg-wrap\"> <div class=\"row-bg\" ><\/div> <\/div><div class=\"row_col_wrap_12_inner col span_12  left\">\n\t<div  class=\"vc_col-sm-12 wpb_column column_container vc_column_container col child_column no-extra-padding column_element_direction_desktop_horizontal column_element_direction_tablet_horizontal column_element_direction_phone_horizontal column_el_align_flex-start el_spacing_10px inherit_tablet inherit_phone\"   data-padding-pos=\"all\" data-has-bg-color=\"false\" data-bg-color=\"\" data-bg-opacity=\"1\" data-animation=\"\" data-delay=\"0\" >\n\t\t<div class=\"vc_column-inner\" >\n\t\t<div class=\"wpb_wrapper\">\n\t\t\t<div class=\"nectar_icon_wrap\" data-style=\"default\" data-padding=\"0px\" data-color=\"accent-color\" style=\"\" >\n\t\t<div class=\"nectar_icon\" ><i style=\"font-size: 48px; line-height: 48px; height: 48px; width: 48px;\" class=\"fa fa-clock-o\"><\/i><\/div>\n\t<\/div><div class=\"nectar-responsive-text font_size_desktop_18px font_size_phone_15px font_line_height_1-4 nectar-link-underline-effect\" style=\"max-width: 86%;\"><p>From Monday to Saturday, between 11:30 AM and 1:30 PM, they can enjoy healthy meals in peace and cleanliness, as it should be.<\/p>\n<\/div>\n\t\t<\/div> \n\t<\/div>\n\t<\/div> \n<\/div><\/div>\n\t\t\t<\/div> \n\t\t<\/div>\n\t<\/div> \n\n\t<div  class=\"vc_col-sm-6 wpb_column column_container vc_column_container col no-extra-padding inherit_tablet inherit_phone\"  data-padding-pos=\"all\" data-has-bg-color=\"false\" data-bg-color=\"\" data-bg-opacity=\"1\" data-animation=\"\" data-delay=\"0\" >\n\t\t<div class=\"vc_column-inner\" >\n\t\t\t<div class=\"wpb_wrapper\">\n\t\t\t\t<div class=\"img-with-aniamtion-wrap\" data-max-width=\"100%\" data-max-width-mobile=\"default\" data-shadow=\"none\" data-animation=\"none\" >\n      <div class=\"inner\">\n        <div class=\"hover-wrap\"> \n          <div class=\"hover-wrap-inner\">\n            <img loading=\"lazy\" decoding=\"async\" class=\"img-with-animation skip-lazy\" data-delay=\"0\" height=\"930\" width=\"1000\" data-animation=\"none\" src=\"https:\/\/marathon.com.ro\/wp-content\/uploads\/2025\/04\/Cantina-930x1000-1.jpg\" alt=\"\" srcset=\"https:\/\/marathon.com.ro\/wp-content\/uploads\/2025\/04\/Cantina-930x1000-1.jpg 1000w, https:\/\/marathon.com.ro\/wp-content\/uploads\/2025\/04\/Cantina-930x1000-1-300x279.jpg 300w, https:\/\/marathon.com.ro\/wp-content\/uploads\/2025\/04\/Cantina-930x1000-1-768x714.jpg 768w\" sizes=\"auto, (max-width: 1000px) 100vw, 1000px\" \/>\n          <\/div>\n        <\/div>\n      <\/div>\n    <\/div>\n\t\t\t<\/div> \n\t\t<\/div>\n\t<\/div> \n<\/div><\/div>\n\t\t<div id=\"fws_69e7a0ed0c8e7\"  data-column-margin=\"default\" data-midnight=\"dark\" data-top-percent=\"4%\" data-bottom-percent=\"4%\"  class=\"wpb_row vc_row-fluid vc_row full-width-section  top_padding_phone_10pct bottom_padding_phone_10pct\"  style=\"padding-top: calc(100vw * 0.04); padding-bottom: calc(100vw * 0.04); \"><div class=\"row-bg-wrap\" data-bg-animation=\"none\" data-bg-animation-delay=\"\" data-bg-overlay=\"false\"><div class=\"inner-wrap row-bg-layer\" ><div class=\"row-bg viewport-desktop using-bg-color\"  style=\"background-color: #3a57ed; \"><\/div><\/div><\/div><div class=\"row_col_wrap_12 col span_12 dark left\">\n\t<div  class=\"vc_col-sm-12 wpb_column column_container vc_column_container col centered-text no-extra-padding inherit_tablet inherit_phone\"  data-padding-pos=\"all\" data-has-bg-color=\"false\" data-bg-color=\"\" data-bg-opacity=\"1\" data-animation=\"\" data-delay=\"0\" >\n\t\t<div class=\"vc_column-inner\" >\n\t\t\t<div class=\"wpb_wrapper\">\n\t\t\t\t<div class=\"nectar-split-heading  font_size_3vw font_line_height_1-3\" data-align=\"default\" data-m-align=\"inherit\" data-text-effect=\"default\" data-animation-type=\"line-reveal-by-space\" data-animation-delay=\"0\" data-animation-offset=\"\" data-m-rm-animation=\"\" data-stagger=\"true\" data-custom-font-size=\"true\" style=\"font-size: 3vw; line-height: 3.3vw;\"><h2 style=\" color: #ffffff;\">Support us!<\/h2><\/div><div class=\"nectar-responsive-text font_size_desktop_20px font_size_tablet_16px font_size_phone_14px font_line_height_1-5 nectar-link-underline-effect\" style=\"color: #ffffff;max-width: 960px;\"><p>You can support this social project alongside us through volunteering, material donations, or financial support to the account RO18 BACX0000001065548000 or to the account RO95RNCB0072178258050001.<\/p>\n<\/div>\n\t\t\t<\/div> \n\t\t<\/div>\n\t<\/div> \n<\/div><\/div>\n\t\t<div id=\"fws_69e7a0ed0cfad\"  data-column-margin=\"default\" data-midnight=\"dark\"  class=\"wpb_row vc_row-fluid vc_row\"  style=\"padding-top: 0px; padding-bottom: 0px; \"><div class=\"row-bg-wrap\" data-bg-animation=\"none\" data-bg-animation-delay=\"\" data-bg-overlay=\"false\"><div class=\"inner-wrap row-bg-layer\" ><div class=\"row-bg viewport-desktop\"  style=\"\"><\/div><\/div><\/div><div class=\"row_col_wrap_12 col span_12 dark left\">\n\t<div  class=\"vc_col-sm-12 wpb_column column_container vc_column_container col no-extra-padding inherit_tablet inherit_phone\"  data-padding-pos=\"all\" data-has-bg-color=\"false\" data-bg-color=\"\" data-bg-opacity=\"1\" data-animation=\"\" data-delay=\"0\" >\n\t\t<div class=\"vc_column-inner\" >\n\t\t\t<div class=\"wpb_wrapper\">\n\t\t\t\t\n<div class=\"wpb_text_column wpb_content_element\" >\n\t<div class=\"wpb_wrapper\">\n\t\t<p><strong>PLAN DIMINUARE RISIPA ALIMENTARA 2026<\/strong><\/p>\n<p>Politica privind diminuarea risipei alimentare adoptata de compania S.C. MARATHON DISTRIBUTION GROUP S.R.L., cu sediul social in Bucuresti, strada Lucretiu Patrascanu, nr. 1, sector 3, avand ca activitate principala depozitarea, distributia si comercializarea produselor alimentare, in vederea diminuarii risipei alimentare, prevede un cadru comun pentru controlul si diminuarea risipei de alimente pentru toate punctele de lucru ale companiei. Toti angajatii au un rol activ in cadrul angajamentului de a reduce risipa alimentara.<\/p>\n<p><a href=\"https:\/\/marathon.com.ro\/wp-content\/uploads\/2026\/04\/Plan-diminuare-risipa-alimentara-2026.pdf\">Plan diminuare risipa alimentara-2026<\/a><\/p>\n\t<\/div>\n<\/div>\n\n\n\n<div class=\"toggles\" data-br=\"none\" data-starting=\"default\" data-style=\"default\"><div class=\"toggle default\" data-inner-wrap=\"true\"><h3 class=\"toggle-title\"><a href=\"#\" role=\"button\" class=\"toggle-heading\"><i role=\"presentation\" class=\"fa fa-plus-circle\"><\/i>Vezi mai mult...<\/a><\/h3><div><div class=\"inner-toggle-wrap\">\n<div class=\"wpb_text_column wpb_content_element\" >\n\t<div class=\"wpb_wrapper\">\n\t\t<p>Aceasta politica este aprobata de directorul general al organizatiei si este revizuita si adaptata in fiecare an in vederea imbunatatirii si obtinerea rezultatelor dorite.<\/p>\n<p>Managementul de la cel mai inalt nivel, se asigura ca aceasta politica este cunoscuta, inteleasa, pusa in aplicare si mentinuta la toate nivelurile in organizatie.<\/p>\n<p><strong>Planul de prevenire, intreprins de catre S.C. MARATHON DISTRIBUTION GROUP S.R.L., cu privire la diminuarea risipei alimentare <\/strong>presupune parcurgerea urmatoarelor masuri:<\/p>\n<ul>\n<li><strong>Prevenirea deteriorarii produselor din prisma manipularii <\/strong><\/li>\n<li><strong>Vanzarea produselor cu termen scurt la un pret redus <\/strong><\/li>\n<li><strong>Promotii produse cu termen scurt <\/strong><\/li>\n<li><strong>Donarea produselor catre Banca de alimente <\/strong><\/li>\n<li><strong>Dirijarea produselor ce nu mai pot fi comerializate catre unitatile neutralizare <\/strong><\/li>\n<\/ul>\n<p>&nbsp;<\/p>\n<ul>\n<li><strong>Prevenirea deteriorarii produselor din prisma manipularii <\/strong><\/li>\n<li>instruire, constientizare si responsabilizare pentru toti angajatii in vederea diminuarea risipei alimentare. In acest sens se efectueaza anual cel putin o instruire pentru fiecare departament;<\/li>\n<li>realizarea achizitiilor pentru toate categoriile de produse in baza unei planificari prealabile, tinand cont de istoricul vanzarilor, de stocurile de produse existente si de planul de dezvoltare;<\/li>\n<li>monitorizarea stocurilor avand la baza principiul FIFO\/FEFO.\n<ul>\n<li><strong>Vanzari produselor cu termen scurt la un pret redus <\/strong><\/li>\n<\/ul>\n<\/li>\n<li>masuri privind vanzarea cu pret redus a produselor aflate aproape de expirarea termenului de valabilitate conform politicii interne.\n<ul>\n<li><strong>Donarea produselor catre Banca de alimente sau consumatori <\/strong><\/li>\n<\/ul>\n<\/li>\n<li>Donarea produselor catre Banca de alimente catre operatorii receptori si consumatorii finali. Unitatea detine contract cadru pentru transferul cu titlu gratuit al produselor aflate in perioada de valabilitate. De asemenea, produsele sigure din punct de vedere al sigurantei alimentelor, dar cu diferite grade de deteriorare ale ambalajelor, produse care nu mai au aspect comercial, dupa efectuarea evaluarii din punct de vedere organoleptic, de catre departamentul Calitate, pot fi oferite gratuit angajatilor.<\/li>\n<li><strong>Dirijarea produselor ce nu mai pot fi comerializate catre unitatile neutralizare <\/strong>\n<ul>\n<li>masuri pentru dirijarea subproduselor de origine animala nedestinate consumului uman catre o unitatile de neutralizare.<\/li>\n<\/ul>\n<\/li>\n<\/ul>\n<p>Inainte de a dispune neutralizarea deseurilor generate, este obligatorie implementarea a eel putin 2 actiuni de prevenire a risipei alimentare din masurile enumerate la de mai sus.<\/p>\n\t<\/div>\n<\/div>\n\n\n\n<\/div><\/div><\/div><\/div>\n\n\n\n\n\n\n\n\n\n\n\n\n\n\n\n\n\n\n\n\n\t\t\t<\/div> \n\t\t<\/div>\n\t<\/div> \n<\/div><\/div>","protected":false},"excerpt":{"rendered":"Implicare social\u0103 De 14 ani suntem al\u0103turi de 830 de seniori care \u00ee\u0219i doresc o mas\u0103 cald\u0103, dar pe care nu \u0219i-o pot permite. Despre Asocia\u021bia de Ajutor Social Marathon...","protected":false},"author":1,"featured_media":0,"parent":0,"menu_order":0,"comment_status":"closed","ping_status":"closed","template":"","meta":{"footnotes":""},"class_list":["post-619","page","type-page","status-publish"],"yoast_head":"<!-- This site is optimized with the Yoast SEO plugin v25.4 - https:\/\/yoast.com\/wordpress\/plugins\/seo\/ -->\n<title>Implicare social\u0103 \u2013 Marathon Distribution Group<\/title>\n<meta name=\"description\" content=\"14 ani de implicare social\u0103: 830 seniori beneficiaz\u0103 de mese calde gratuite \u00een cantinele noastre sociale din Bucure\u0219ti \u0219i Turda. Implic\u0103-te!\" \/>\n<meta name=\"robots\" content=\"index, follow, max-snippet:-1, max-image-preview:large, max-video-preview:-1\" \/>\n<link rel=\"canonical\" href=\"https:\/\/marathon.com.ro\/en\/implicare-sociala\/\" \/>\n<meta property=\"og:locale\" content=\"en_US\" \/>\n<meta property=\"og:type\" content=\"article\" \/>\n<meta property=\"og:title\" content=\"Implicare social\u0103 \u2013 Marathon Distribution Group\" \/>\n<meta property=\"og:description\" content=\"14 ani de implicare social\u0103: 830 seniori beneficiaz\u0103 de mese calde gratuite \u00een cantinele noastre sociale din Bucure\u0219ti \u0219i Turda. Implic\u0103-te!\" \/>\n<meta property=\"og:url\" content=\"https:\/\/marathon.com.ro\/en\/implicare-sociala\/\" \/>\n<meta property=\"og:site_name\" content=\"Marathon Distribution\" \/>\n<meta property=\"article:modified_time\" content=\"2026-04-07T10:21:49+00:00\" \/>\n<meta name=\"twitter:card\" content=\"summary_large_image\" \/>\n<meta name=\"twitter:label1\" content=\"Est. reading time\" \/>\n\t<meta name=\"twitter:data1\" content=\"2 minutes\" \/>\n<script type=\"application\/ld+json\" class=\"yoast-schema-graph\">{\"@context\":\"https:\/\/schema.org\",\"@graph\":[{\"@type\":\"WebPage\",\"@id\":\"https:\/\/marathon.com.ro\/implicare-sociala\/\",\"url\":\"https:\/\/marathon.com.ro\/implicare-sociala\/\",\"name\":\"Implicare social\u0103 \u2013 Marathon Distribution Group\",\"isPartOf\":{\"@id\":\"https:\/\/marathon.com.ro\/#website\"},\"datePublished\":\"2025-03-20T14:28:43+00:00\",\"dateModified\":\"2026-04-07T10:21:49+00:00\",\"description\":\"14 ani de implicare social\u0103: 830 seniori beneficiaz\u0103 de mese calde gratuite \u00een cantinele noastre sociale din Bucure\u0219ti \u0219i Turda. Implic\u0103-te!\",\"breadcrumb\":{\"@id\":\"https:\/\/marathon.com.ro\/implicare-sociala\/#breadcrumb\"},\"inLanguage\":\"en-US\",\"potentialAction\":[{\"@type\":\"ReadAction\",\"target\":[\"https:\/\/marathon.com.ro\/implicare-sociala\/\"]}]},{\"@type\":\"BreadcrumbList\",\"@id\":\"https:\/\/marathon.com.ro\/implicare-sociala\/#breadcrumb\",\"itemListElement\":[{\"@type\":\"ListItem\",\"position\":1,\"name\":\"Home\",\"item\":\"https:\/\/marathon.com.ro\/\"},{\"@type\":\"ListItem\",\"position\":2,\"name\":\"Implicare sociala\"}]},{\"@type\":\"WebSite\",\"@id\":\"https:\/\/marathon.com.ro\/#website\",\"url\":\"https:\/\/marathon.com.ro\/\",\"name\":\"Marathon Distribution\",\"description\":\"\",\"potentialAction\":[{\"@type\":\"SearchAction\",\"target\":{\"@type\":\"EntryPoint\",\"urlTemplate\":\"https:\/\/marathon.com.ro\/?s={search_term_string}\"},\"query-input\":{\"@type\":\"PropertyValueSpecification\",\"valueRequired\":true,\"valueName\":\"search_term_string\"}}],\"inLanguage\":\"en-US\"}]}<\/script>\n<!-- \/ Yoast SEO plugin. -->","yoast_head_json":{"title":"Implicare social\u0103 \u2013 Marathon Distribution Group","description":"14 ani de implicare social\u0103: 830 seniori beneficiaz\u0103 de mese calde gratuite \u00een cantinele noastre sociale din Bucure\u0219ti \u0219i Turda. Implic\u0103-te!","robots":{"index":"index","follow":"follow","max-snippet":"max-snippet:-1","max-image-preview":"max-image-preview:large","max-video-preview":"max-video-preview:-1"},"canonical":"https:\/\/marathon.com.ro\/en\/implicare-sociala\/","og_locale":"en_US","og_type":"article","og_title":"Implicare social\u0103 \u2013 Marathon Distribution Group","og_description":"14 ani de implicare social\u0103: 830 seniori beneficiaz\u0103 de mese calde gratuite \u00een cantinele noastre sociale din Bucure\u0219ti \u0219i Turda. Implic\u0103-te!","og_url":"https:\/\/marathon.com.ro\/en\/implicare-sociala\/","og_site_name":"Marathon Distribution","article_modified_time":"2026-04-07T10:21:49+00:00","twitter_card":"summary_large_image","twitter_misc":{"Est. reading time":"2 minutes"},"schema":{"@context":"https:\/\/schema.org","@graph":[{"@type":"WebPage","@id":"https:\/\/marathon.com.ro\/implicare-sociala\/","url":"https:\/\/marathon.com.ro\/implicare-sociala\/","name":"Implicare social\u0103 \u2013 Marathon Distribution Group","isPartOf":{"@id":"https:\/\/marathon.com.ro\/#website"},"datePublished":"2025-03-20T14:28:43+00:00","dateModified":"2026-04-07T10:21:49+00:00","description":"14 ani de implicare social\u0103: 830 seniori beneficiaz\u0103 de mese calde gratuite \u00een cantinele noastre sociale din Bucure\u0219ti \u0219i Turda. Implic\u0103-te!","breadcrumb":{"@id":"https:\/\/marathon.com.ro\/implicare-sociala\/#breadcrumb"},"inLanguage":"en-US","potentialAction":[{"@type":"ReadAction","target":["https:\/\/marathon.com.ro\/implicare-sociala\/"]}]},{"@type":"BreadcrumbList","@id":"https:\/\/marathon.com.ro\/implicare-sociala\/#breadcrumb","itemListElement":[{"@type":"ListItem","position":1,"name":"Home","item":"https:\/\/marathon.com.ro\/"},{"@type":"ListItem","position":2,"name":"Implicare sociala"}]},{"@type":"WebSite","@id":"https:\/\/marathon.com.ro\/#website","url":"https:\/\/marathon.com.ro\/","name":"Marathon Distribution","description":"","potentialAction":[{"@type":"SearchAction","target":{"@type":"EntryPoint","urlTemplate":"https:\/\/marathon.com.ro\/?s={search_term_string}"},"query-input":{"@type":"PropertyValueSpecification","valueRequired":true,"valueName":"search_term_string"}}],"inLanguage":"en-US"}]}},"_links":{"self":[{"href":"https:\/\/marathon.com.ro\/en\/wp-json\/wp\/v2\/pages\/619","targetHints":{"allow":["GET"]}}],"collection":[{"href":"https:\/\/marathon.com.ro\/en\/wp-json\/wp\/v2\/pages"}],"about":[{"href":"https:\/\/marathon.com.ro\/en\/wp-json\/wp\/v2\/types\/page"}],"author":[{"embeddable":true,"href":"https:\/\/marathon.com.ro\/en\/wp-json\/wp\/v2\/users\/1"}],"replies":[{"embeddable":true,"href":"https:\/\/marathon.com.ro\/en\/wp-json\/wp\/v2\/comments?post=619"}],"version-history":[{"count":130,"href":"https:\/\/marathon.com.ro\/en\/wp-json\/wp\/v2\/pages\/619\/revisions"}],"predecessor-version":[{"id":3479,"href":"https:\/\/marathon.com.ro\/en\/wp-json\/wp\/v2\/pages\/619\/revisions\/3479"}],"wp:attachment":[{"href":"https:\/\/marathon.com.ro\/en\/wp-json\/wp\/v2\/media?parent=619"}],"curies":[{"name":"wp","href":"https:\/\/api.w.org\/{rel}","templated":true}]}}