{"id":3227,"date":"2025-09-17T13:51:01","date_gmt":"2025-09-17T10:51:01","guid":{"rendered":"https:\/\/marathon.com.ro\/?page_id=3227"},"modified":"2025-09-22T09:28:10","modified_gmt":"2025-09-22T06:28:10","slug":"sustinem-performanta","status":"publish","type":"page","link":"https:\/\/marathon.com.ro\/en\/sustinem-performanta\/","title":{"rendered":"We support excellence"},"content":{"rendered":"<div id=\"fws_69e5b5292a185\"  data-column-margin=\"default\" data-midnight=\"dark\" data-top-percent=\"8%\" data-bottom-percent=\"3%\"  class=\"wpb_row vc_row-fluid vc_row full-width-section vc_row-o-equal-height vc_row-flex vc_row-o-content-top  top_padding_tablet_16pct top_padding_phone_22pct bottom_padding_tablet_10pct bottom_padding_phone_8pct\"  style=\"padding-top: calc(100vw * 0.08); padding-bottom: calc(100vw * 0.03); \"><div class=\"row-bg-wrap\" data-bg-animation=\"none\" data-bg-animation-delay=\"\" data-bg-overlay=\"false\"><div class=\"inner-wrap row-bg-layer\" ><div class=\"row-bg viewport-desktop using-bg-color\"  style=\"background-color: #3a57ed; \"><\/div><\/div><\/div><div class=\"row_col_wrap_12 col span_12 dark left\">\n\t<div  class=\"vc_col-sm-12 wpb_column column_container vc_column_container col no-extra-padding inherit_tablet inherit_phone\"  data-padding-pos=\"all\" data-has-bg-color=\"false\" data-bg-color=\"\" data-bg-opacity=\"1\" data-animation=\"\" data-delay=\"0\" >\n\t\t<div class=\"vc_column-inner\" >\n\t\t\t<div class=\"wpb_wrapper\">\n\t\t\t\t<div id=\"fws_69e5b5292a877\" data-midnight=\"\" data-column-margin=\"default\" class=\"wpb_row vc_row-fluid vc_row inner_row vc_row-o-equal-height vc_row-flex vc_row-o-content-middle\"  style=\"\"><div class=\"row-bg-wrap\"> <div class=\"row-bg\" ><\/div> <\/div><div class=\"row_col_wrap_12_inner col span_12  left\">\n\t<div  class=\"vc_col-sm-6 wpb_column column_container vc_column_container col child_column no-extra-padding el_spacing_0px inherit_tablet inherit_phone\"   data-padding-pos=\"all\" data-has-bg-color=\"false\" data-bg-color=\"\" data-bg-opacity=\"1\" data-animation=\"\" data-delay=\"0\" >\n\t\t<div class=\"vc_column-inner\" >\n\t\t<div class=\"wpb_wrapper\">\n\t\t\t<div class=\"nectar-split-heading  font_size_6vw font_size_max_108px font_size_tablet_7vw font_line_height_1px\" data-align=\"default\" data-m-align=\"inherit\" data-text-effect=\"letter-reveal-bottom\" data-animation-type=\"line-reveal-by-space\" data-animation-delay=\"0\" data-animation-offset=\"\" data-m-rm-animation=\"\" data-stagger=\"true\" data-custom-font-size=\"true\" style=\"font-size: 6vw; line-height: 6.6vw;\"><h2 style=\" color: #ffffff;\">We support excellence<\/h2><\/div>\n\t\t<\/div> \n\t<\/div>\n\t<\/div> \n\n\t<div  class=\"vc_col-sm-6 wpb_column column_container vc_column_container col child_column el_spacing_30px right_padding_tablet_0px\"   data-padding-pos=\"all\" data-has-bg-color=\"false\" data-bg-color=\"\" data-bg-opacity=\"1\" data-animation=\"\" data-delay=\"0\" >\n\t\t<div class=\"vc_column-inner\" >\n\t\t<div class=\"wpb_wrapper\">\n\t\t\t\n\t\t<\/div> \n\t<\/div>\n\t<\/div> \n<\/div><\/div>\n\t\t\t<\/div> \n\t\t<\/div>\n\t<\/div> \n<\/div><\/div>\n\t\t<div id=\"fws_69e5b5292b0e4\"  data-column-margin=\"default\" data-midnight=\"dark\" data-top-percent=\"3%\" data-bottom-percent=\"8%\"  class=\"wpb_row vc_row-fluid vc_row full-width-section vc_row-o-equal-height vc_row-flex vc_row-o-content-middle  shape_divider_phone_0px reverse_columns_column_phone top_padding_tablet_16pct top_padding_phone_8pct bottom_padding_tablet_10pct bottom_padding_phone_14pct\"  style=\"padding-top: calc(100vw * 0.03); padding-bottom: calc(100vw * 0.08); \"><div class=\"row-bg-wrap\" data-bg-animation=\"none\" data-bg-animation-delay=\"\" data-bg-overlay=\"false\"><div class=\"inner-wrap row-bg-layer\" ><div class=\"row-bg viewport-desktop\"  style=\"\"><\/div><\/div><\/div><div class=\"row_col_wrap_12 col span_12 dark left\">\n\t<div  class=\"vc_col-sm-6 wpb_column column_container vc_column_container col no-extra-padding inherit_tablet inherit_phone\"  data-padding-pos=\"all\" data-has-bg-color=\"false\" data-bg-color=\"\" data-bg-opacity=\"1\" data-animation=\"\" data-delay=\"0\" >\n\t\t<div class=\"vc_column-inner\" >\n\t\t\t<div class=\"wpb_wrapper\">\n\t\t\t\t<div id=\"fws_69e5b5292b4a0\" data-midnight=\"\" data-column-margin=\"default\" class=\"wpb_row vc_row-fluid vc_row inner_row  reverse_columns_column_phone\"  style=\"\"><div class=\"row-bg-wrap\"> <div class=\"row-bg\" ><\/div> <\/div><div class=\"row_col_wrap_12_inner col span_12  left\">\n\t<div  class=\"vc_col-sm-12 wpb_column column_container vc_column_container col child_column no-extra-padding top_margin_phone_10px inherit_tablet inherit_phone\"   data-padding-pos=\"all\" data-has-bg-color=\"false\" data-bg-color=\"\" data-bg-opacity=\"1\" data-animation=\"\" data-delay=\"0\" >\n\t\t<div class=\"vc_column-inner\" >\n\t\t<div class=\"wpb_wrapper\">\n\t\t\t<div class=\"divider-wrap height_phone_6px\" data-alignment=\"default\"><div style=\"height: 20px;\" class=\"divider\"><\/div><\/div><div class=\"nectar-responsive-text font_size_desktop_20px font_size_tablet_18px font_size_phone_15px font_line_height_1-4 nectar-link-underline-effect\" style=\"max-width: 92%;\"><p>The team formed by <strong>Reis Suliman<\/strong> and <strong>Alina Bianca Pop<\/strong> has taken Romanian motorsport by storm, proving that perseverance and proper training can turn passion into a way of life<\/p>\n<p>Alina Bianca Pop's presence in the role of co-driver is a powerful example of <strong>egalitate de gen \u00een sporturile cu motor<\/strong>gender equality in motorsports, a field often dominated by men. Her participation and achievements show that talent and courage have no gender and that women can play a vital role in top teams.<\/p>\n<p>Prin fiecare competi\u021bie unde particip\u0103, Reis \u0219i Alina inspir\u0103 comunitatea prin rezultate remarcabile \u0219i demonstreaz\u0103 c\u0103 limitele exist\u0103 doar pentru a fi dep\u0103\u0219ite. Amintim rezultatele din Raliul Sibiului, Raliul Harghitei \u0219i Raliul Clujului, cu podiumuri \u00een clasa FWD \u0219i Junior , dar \u0219i locul 2 de la World RX din Turcia unde echipa a reu\u0219it s\u0103 c\u00e2\u0219tige respectul printr-un stil de pilotaj curajos \u0219i o constan\u021b\u0103 impresionant\u0103. Chiar \u0219i atunci c\u00e2nd au \u00eent\u00e2mpinat dificult\u0103\u021bi \u2013 probleme tehnice sau accidente \u2013 au revenit mai puternici, demonstr\u00e2nd determinare \u0219i pasiune.<\/p>\n<p>The 2025 racing season brought something new for the crew of Reis Suliman and Alina Bianca Pop: they moved from a Renault Clio Rally5 to a higher-class model, the Peugeot 208 Rally4.<\/p>\n<p><img loading=\"lazy\" decoding=\"async\" class=\"alignnone size-large wp-image-3245\" src=\"https:\/\/marathon.com.ro\/wp-content\/uploads\/2025\/09\/de-incarcat-1-1-1024x682.jpg\" alt=\"\" width=\"1024\" height=\"682\" srcset=\"https:\/\/marathon.com.ro\/wp-content\/uploads\/2025\/09\/de-incarcat-1-1-1024x682.jpg 1024w, https:\/\/marathon.com.ro\/wp-content\/uploads\/2025\/09\/de-incarcat-1-1-300x200.jpg 300w, https:\/\/marathon.com.ro\/wp-content\/uploads\/2025\/09\/de-incarcat-1-1-768x512.jpg 768w, https:\/\/marathon.com.ro\/wp-content\/uploads\/2025\/09\/de-incarcat-1-1-1536x1024.jpg 1536w, https:\/\/marathon.com.ro\/wp-content\/uploads\/2025\/09\/de-incarcat-1-1-2048x1365.jpg 2048w, https:\/\/marathon.com.ro\/wp-content\/uploads\/2025\/09\/de-incarcat-1-1-18x12.jpg 18w, https:\/\/marathon.com.ro\/wp-content\/uploads\/2025\/09\/de-incarcat-1-1-900x600.jpg 900w\" sizes=\"auto, (max-width: 1024px) 100vw, 1024px\" \/><\/p>\n<p>The team continues to successfully strengthen their position in both national and international championships, serving living proof that success is built with patience, hard work, and trust. Marathon Distribution Group is proud to be part of their journey.<\/p>\n<\/div><div class=\"divider-wrap height_phone_6px\" data-alignment=\"default\"><div style=\"height: 40px;\" class=\"divider\"><\/div><\/div>\n\t\t<\/div> \n\t<\/div>\n\t<\/div> \n<\/div><\/div>\n\t\t\t<\/div> \n\t\t<\/div>\n\t<\/div> \n\n\t<div  class=\"vc_col-sm-6 wpb_column column_container vc_column_container col no-extra-padding inherit_tablet inherit_phone\"  data-padding-pos=\"all\" data-has-bg-color=\"false\" data-bg-color=\"\" data-bg-opacity=\"1\" data-animation=\"\" data-delay=\"0\" >\n\t\t<div class=\"vc_column-inner\" >\n\t\t\t<div class=\"wpb_wrapper\">\n\t\t\t\t\n\t<div class=\"wpb_video_widget wpb_content_element vc_clearfix   vc_video-aspect-ratio-169 vc_video-el-width-100 vc_video-align-left\" >\n\t\t<div class=\"wpb_wrapper\">\n\t\t\t\n\t\t\t<div class=\"wpb_video_wrapper\"><iframe loading=\"lazy\" title=\"Suliman Reis - Alina Bianca  Pop | Peugeot 208 Rally4 | 2025 ESOK Rally\" width=\"500\" height=\"281\" src=\"https:\/\/www.youtube.com\/embed\/8EI_7VEstEY?feature=oembed\" frameborder=\"0\" allow=\"accelerometer; autoplay; clipboard-write; encrypted-media; gyroscope; picture-in-picture; web-share\" referrerpolicy=\"strict-origin-when-cross-origin\" allowfullscreen><\/iframe><\/div>\n\t\t<\/div>\n\t<\/div>\n\n\t\t\t<\/div> \n\t\t<\/div>\n\t<\/div> \n<\/div><\/div>","protected":false},"excerpt":{"rendered":"Sus\u021binem performan\u021ba sportiv\u0103 Echipa format\u0103 din Reis Suliman \u0219i Alina Bianca Pop a luat cu asalt motorsportul rom\u00e2nesc, demonstr\u00e2nd c\u0103 perseveren\u021ba \u0219i antrenamentul corect pot transforma pasiunea \u00eentr-un stil de...","protected":false},"author":3,"featured_media":0,"parent":0,"menu_order":0,"comment_status":"closed","ping_status":"closed","template":"","meta":{"footnotes":""},"class_list":["post-3227","page","type-page","status-publish"],"yoast_head":"<!-- This site is optimized with the Yoast SEO plugin v25.4 - https:\/\/yoast.com\/wordpress\/plugins\/seo\/ -->\n<title>Sus\u021binem performan\u021ba \u2013 Marathon Distribution Group<\/title>\n<meta name=\"description\" content=\"Reis Suliman \u0219i Alina Bianca Pop inspir\u0103 \u00een motorsportul rom\u00e2nesc, promov\u00e2nd egalitatea de gen \u0219i ob\u021bin\u00e2nd podiumuri la raliuri.\" \/>\n<meta name=\"robots\" content=\"index, follow, max-snippet:-1, max-image-preview:large, max-video-preview:-1\" \/>\n<link rel=\"canonical\" href=\"https:\/\/marathon.com.ro\/en\/sustinem-performanta\/\" \/>\n<meta property=\"og:locale\" content=\"en_US\" \/>\n<meta property=\"og:type\" content=\"article\" \/>\n<meta property=\"og:title\" content=\"Sus\u021binem performan\u021ba \u2013 Marathon Distribution Group\" \/>\n<meta property=\"og:description\" content=\"Reis Suliman \u0219i Alina Bianca Pop inspir\u0103 \u00een motorsportul rom\u00e2nesc, promov\u00e2nd egalitatea de gen \u0219i ob\u021bin\u00e2nd podiumuri la raliuri.\" \/>\n<meta property=\"og:url\" content=\"https:\/\/marathon.com.ro\/en\/sustinem-performanta\/\" \/>\n<meta property=\"og:site_name\" content=\"Marathon Distribution\" \/>\n<meta property=\"article:modified_time\" content=\"2025-09-22T06:28:10+00:00\" \/>\n<meta property=\"og:image\" content=\"https:\/\/marathon.com.ro\/wp-content\/uploads\/2025\/09\/de-incarcat-1-1.jpg\" \/>\n\t<meta property=\"og:image:width\" content=\"2050\" \/>\n\t<meta property=\"og:image:height\" content=\"1366\" \/>\n\t<meta property=\"og:image:type\" content=\"image\/jpeg\" \/>\n<meta name=\"twitter:card\" content=\"summary_large_image\" \/>\n<meta name=\"twitter:label1\" content=\"Est. reading time\" \/>\n\t<meta name=\"twitter:data1\" content=\"2 minutes\" \/>\n<script type=\"application\/ld+json\" class=\"yoast-schema-graph\">{\"@context\":\"https:\/\/schema.org\",\"@graph\":[{\"@type\":\"WebPage\",\"@id\":\"https:\/\/marathon.com.ro\/sustinem-performanta\/\",\"url\":\"https:\/\/marathon.com.ro\/sustinem-performanta\/\",\"name\":\"Sus\u021binem performan\u021ba \u2013 Marathon Distribution Group\",\"isPartOf\":{\"@id\":\"https:\/\/marathon.com.ro\/#website\"},\"primaryImageOfPage\":{\"@id\":\"https:\/\/marathon.com.ro\/sustinem-performanta\/#primaryimage\"},\"image\":{\"@id\":\"https:\/\/marathon.com.ro\/sustinem-performanta\/#primaryimage\"},\"thumbnailUrl\":\"https:\/\/marathon.com.ro\/wp-content\/uploads\/2025\/09\/de-incarcat-1-1-1024x682.jpg\",\"datePublished\":\"2025-09-17T10:51:01+00:00\",\"dateModified\":\"2025-09-22T06:28:10+00:00\",\"description\":\"Reis Suliman \u0219i Alina Bianca Pop inspir\u0103 \u00een motorsportul rom\u00e2nesc, promov\u00e2nd egalitatea de gen \u0219i ob\u021bin\u00e2nd podiumuri la raliuri.\",\"breadcrumb\":{\"@id\":\"https:\/\/marathon.com.ro\/sustinem-performanta\/#breadcrumb\"},\"inLanguage\":\"en-US\",\"potentialAction\":[{\"@type\":\"ReadAction\",\"target\":[\"https:\/\/marathon.com.ro\/sustinem-performanta\/\"]}]},{\"@type\":\"ImageObject\",\"inLanguage\":\"en-US\",\"@id\":\"https:\/\/marathon.com.ro\/sustinem-performanta\/#primaryimage\",\"url\":\"https:\/\/marathon.com.ro\/wp-content\/uploads\/2025\/09\/de-incarcat-1-1-1024x682.jpg\",\"contentUrl\":\"https:\/\/marathon.com.ro\/wp-content\/uploads\/2025\/09\/de-incarcat-1-1-1024x682.jpg\"},{\"@type\":\"BreadcrumbList\",\"@id\":\"https:\/\/marathon.com.ro\/sustinem-performanta\/#breadcrumb\",\"itemListElement\":[{\"@type\":\"ListItem\",\"position\":1,\"name\":\"Home\",\"item\":\"https:\/\/marathon.com.ro\/\"},{\"@type\":\"ListItem\",\"position\":2,\"name\":\"Sus\u021binem performan\u021ba\"}]},{\"@type\":\"WebSite\",\"@id\":\"https:\/\/marathon.com.ro\/#website\",\"url\":\"https:\/\/marathon.com.ro\/\",\"name\":\"Marathon Distribution\",\"description\":\"\",\"potentialAction\":[{\"@type\":\"SearchAction\",\"target\":{\"@type\":\"EntryPoint\",\"urlTemplate\":\"https:\/\/marathon.com.ro\/?s={search_term_string}\"},\"query-input\":{\"@type\":\"PropertyValueSpecification\",\"valueRequired\":true,\"valueName\":\"search_term_string\"}}],\"inLanguage\":\"en-US\"}]}<\/script>\n<!-- \/ Yoast SEO plugin. -->","yoast_head_json":{"title":"Sus\u021binem performan\u021ba \u2013 Marathon Distribution Group","description":"Reis Suliman \u0219i Alina Bianca Pop inspir\u0103 \u00een motorsportul rom\u00e2nesc, promov\u00e2nd egalitatea de gen \u0219i ob\u021bin\u00e2nd podiumuri la raliuri.","robots":{"index":"index","follow":"follow","max-snippet":"max-snippet:-1","max-image-preview":"max-image-preview:large","max-video-preview":"max-video-preview:-1"},"canonical":"https:\/\/marathon.com.ro\/en\/sustinem-performanta\/","og_locale":"en_US","og_type":"article","og_title":"Sus\u021binem performan\u021ba \u2013 Marathon Distribution Group","og_description":"Reis Suliman \u0219i Alina Bianca Pop inspir\u0103 \u00een motorsportul rom\u00e2nesc, promov\u00e2nd egalitatea de gen \u0219i ob\u021bin\u00e2nd podiumuri la raliuri.","og_url":"https:\/\/marathon.com.ro\/en\/sustinem-performanta\/","og_site_name":"Marathon Distribution","article_modified_time":"2025-09-22T06:28:10+00:00","og_image":[{"width":2050,"height":1366,"url":"https:\/\/marathon.com.ro\/wp-content\/uploads\/2025\/09\/de-incarcat-1-1.jpg","type":"image\/jpeg"}],"twitter_card":"summary_large_image","twitter_misc":{"Est. reading time":"2 minutes"},"schema":{"@context":"https:\/\/schema.org","@graph":[{"@type":"WebPage","@id":"https:\/\/marathon.com.ro\/sustinem-performanta\/","url":"https:\/\/marathon.com.ro\/sustinem-performanta\/","name":"Sus\u021binem performan\u021ba \u2013 Marathon Distribution Group","isPartOf":{"@id":"https:\/\/marathon.com.ro\/#website"},"primaryImageOfPage":{"@id":"https:\/\/marathon.com.ro\/sustinem-performanta\/#primaryimage"},"image":{"@id":"https:\/\/marathon.com.ro\/sustinem-performanta\/#primaryimage"},"thumbnailUrl":"https:\/\/marathon.com.ro\/wp-content\/uploads\/2025\/09\/de-incarcat-1-1-1024x682.jpg","datePublished":"2025-09-17T10:51:01+00:00","dateModified":"2025-09-22T06:28:10+00:00","description":"Reis Suliman \u0219i Alina Bianca Pop inspir\u0103 \u00een motorsportul rom\u00e2nesc, promov\u00e2nd egalitatea de gen \u0219i ob\u021bin\u00e2nd podiumuri la raliuri.","breadcrumb":{"@id":"https:\/\/marathon.com.ro\/sustinem-performanta\/#breadcrumb"},"inLanguage":"en-US","potentialAction":[{"@type":"ReadAction","target":["https:\/\/marathon.com.ro\/sustinem-performanta\/"]}]},{"@type":"ImageObject","inLanguage":"en-US","@id":"https:\/\/marathon.com.ro\/sustinem-performanta\/#primaryimage","url":"https:\/\/marathon.com.ro\/wp-content\/uploads\/2025\/09\/de-incarcat-1-1-1024x682.jpg","contentUrl":"https:\/\/marathon.com.ro\/wp-content\/uploads\/2025\/09\/de-incarcat-1-1-1024x682.jpg"},{"@type":"BreadcrumbList","@id":"https:\/\/marathon.com.ro\/sustinem-performanta\/#breadcrumb","itemListElement":[{"@type":"ListItem","position":1,"name":"Home","item":"https:\/\/marathon.com.ro\/"},{"@type":"ListItem","position":2,"name":"Sus\u021binem performan\u021ba"}]},{"@type":"WebSite","@id":"https:\/\/marathon.com.ro\/#website","url":"https:\/\/marathon.com.ro\/","name":"Marathon Distribution","description":"","potentialAction":[{"@type":"SearchAction","target":{"@type":"EntryPoint","urlTemplate":"https:\/\/marathon.com.ro\/?s={search_term_string}"},"query-input":{"@type":"PropertyValueSpecification","valueRequired":true,"valueName":"search_term_string"}}],"inLanguage":"en-US"}]}},"_links":{"self":[{"href":"https:\/\/marathon.com.ro\/en\/wp-json\/wp\/v2\/pages\/3227","targetHints":{"allow":["GET"]}}],"collection":[{"href":"https:\/\/marathon.com.ro\/en\/wp-json\/wp\/v2\/pages"}],"about":[{"href":"https:\/\/marathon.com.ro\/en\/wp-json\/wp\/v2\/types\/page"}],"author":[{"embeddable":true,"href":"https:\/\/marathon.com.ro\/en\/wp-json\/wp\/v2\/users\/3"}],"replies":[{"embeddable":true,"href":"https:\/\/marathon.com.ro\/en\/wp-json\/wp\/v2\/comments?post=3227"}],"version-history":[{"count":23,"href":"https:\/\/marathon.com.ro\/en\/wp-json\/wp\/v2\/pages\/3227\/revisions"}],"predecessor-version":[{"id":3258,"href":"https:\/\/marathon.com.ro\/en\/wp-json\/wp\/v2\/pages\/3227\/revisions\/3258"}],"wp:attachment":[{"href":"https:\/\/marathon.com.ro\/en\/wp-json\/wp\/v2\/media?parent=3227"}],"curies":[{"name":"wp","href":"https:\/\/api.w.org\/{rel}","templated":true}]}}