{"id":1180,"date":"2025-04-04T15:03:24","date_gmt":"2025-04-04T12:03:24","guid":{"rendered":"https:\/\/marathon.com.ro\/?page_id=1180"},"modified":"2025-04-10T12:04:27","modified_gmt":"2025-04-10T09:04:27","slug":"politica-cookies","status":"publish","type":"page","link":"https:\/\/marathon.com.ro\/en\/politica-cookies\/","title":{"rendered":"Politica Cookies"},"content":{"rendered":"<div id=\"fws_69e5bf83cb651\"  data-column-margin=\"default\" data-midnight=\"dark\" data-top-percent=\"3%\" data-bottom-percent=\"1%\"  class=\"wpb_row vc_row-fluid vc_row  top_padding_phone_2pct bottom_padding_phone_2pct\"  style=\"padding-top: calc(100vw * 0.03); padding-bottom: calc(100vw * 0.01); \"><div class=\"row-bg-wrap\" data-bg-animation=\"none\" data-bg-animation-delay=\"\" data-bg-overlay=\"false\"><div class=\"inner-wrap row-bg-layer\" ><div class=\"row-bg viewport-desktop\"  style=\"\"><\/div><\/div><\/div><div class=\"row_col_wrap_12 col span_12 dark left\">\n\t<div style=\" color: #333333;\" class=\"vc_col-sm-2 wpb_column column_container vc_column_container col no-extra-padding inherit_tablet inherit_phone\" data-cfc=\"true\"  data-padding-pos=\"all\" data-has-bg-color=\"false\" data-bg-color=\"\" data-bg-opacity=\"1\" data-animation=\"\" data-delay=\"0\" >\n\t\t<div class=\"vc_column-inner\" >\n\t\t\t<div class=\"wpb_wrapper\">\n\t\t\t\t\n\t\t\t<\/div> \n\t\t<\/div>\n\t<\/div> \n\n\t<div style=\" color: #333333;\" class=\"vc_col-sm-8 wpb_column column_container vc_column_container col no-extra-padding inherit_tablet inherit_phone\" data-cfc=\"true\"  data-padding-pos=\"all\" data-has-bg-color=\"false\" data-bg-color=\"\" data-bg-opacity=\"1\" data-animation=\"\" data-delay=\"0\" >\n\t\t<div class=\"vc_column-inner\" >\n\t\t\t<div class=\"wpb_wrapper\">\n\t\t\t\t<div class=\"nectar-split-heading  font_size_5vw font_size_max_44px font_size_tablet_7vw font_size_phone_22px font_line_height_1-2  mb-0\" data-align=\"default\" data-m-align=\"inherit\" data-text-effect=\"letter-reveal-bottom\" data-animation-type=\"line-reveal-by-space\" data-animation-delay=\"0\" data-animation-offset=\"\" data-m-rm-animation=\"\" data-stagger=\"true\" data-custom-font-size=\"true\" style=\"font-size: 5vw; line-height: 5.5vw;\"><h2 >Politica de utilizarea a cookie-urilor<\/h2><\/div><div class=\"nectar-split-heading  font_size_4vw font_size_max_26px font_size_tablet_6vw font_size_phone_15px font_line_height_1-2\" data-align=\"default\" data-m-align=\"inherit\" data-text-effect=\"letter-reveal-bottom\" data-animation-type=\"line-reveal-by-space\" data-animation-delay=\"0\" data-animation-offset=\"\" data-m-rm-animation=\"\" data-stagger=\"true\" data-custom-font-size=\"true\" style=\"font-size: 4vw; line-height: 4.4vw;\"><h4 >a site-ului www.marathon.com.ro<\/h4><\/div><div class=\"divider-wrap height_phone_10px\" data-alignment=\"default\"><div style=\"height: 28px;\" class=\"divider\"><\/div><\/div>\n<div class=\"wpb_text_column wpb_content_element\" >\n\t<div class=\"wpb_wrapper\">\n\t\t<p>Aceast\u0103 politic\u0103 se refer\u0103 la cookie-urile utilizate pe website-ul <strong>www.marathon.com.ro<\/strong> de c\u0103tre de\u021bin\u0103torul site-ului, <strong>Marathon Distribution Group SRL<\/strong> V\u0103 rug\u0103m s\u0103 consulta\u021bi aceast\u0103 sec\u021biune \u00een mod regulat, deoarece politica poate suporta modific\u0103ri sau actualiz\u0103ri. Orice modific\u0103ri semnificative ale acestei politici vor fi notificate. \u00cen completarea acestei notific\u0103ri, v\u0103 rug\u0103m s\u0103 citi\u021bi \u0219i <strong><a href=\"https:\/\/marathon.com.ro\/en\/politica-de-confidentialitate\/\"><u>Privacy Policy<\/u><\/a><\/strong>.<\/p>\n<h2 class=\"wp-block-heading\"><strong>Cine suntem noi<\/strong><\/h2>\n<p>Marathon Distribution Group SRL este o companie cu peste 20 de ani de experien\u021b\u0103 \u00een oferirea serviciilor de \u00eenalt\u0103 calitate \u00een 2 pie\u021be majore Retail si Food Service, cu 100% acoperire na\u021bional\u0103 prin cele 16 filiale: Afumati, Timisoara, Cluj, Craiova, Bacau, Oradea, Constanta, Deva, Iasi, Suceava, Baia Mare, Brasov, Ploiesti, Braila, Pitesti si Targu Jiu si o flot\u0103 proprie de peste 550 de ma\u0219ini. \u00cencep\u00e2nd cu 2016, Marathon Distribution Group a devenit light partner in cadrul organizatiilor Service Bund si European Catering Distribution. Prin cele 2 organiza\u021bii de Food Service mai sus men\u021bionate, Marathon a reu\u0219it s\u0103 penetreze \u00eentr-un mod profesionist pia\u021ba Food Service din Rom\u00e2nia, adopt\u00e2nd tendin\u021be si concepte cu real succes \u00een pie\u021bele din Europa de Vest. <strong>Date de contact al <\/strong><strong>Marathon Distribution Group SRL<\/strong> Email: dpo@marathon.com.ro Adresa: Bucuresti, Str. Lucretia Patrascanu, Nr. 1, Bl. G3, Sc.1 , Et. 9, Ap. 260, Sector 3<\/p>\n<h2><strong>De ce folosim cookie-uri\u00a0\u00a0\u00a0\u00a0\u00a0\u00a0\u00a0\u00a0\u00a0\u00a0\u00a0\u00a0\u00a0\u00a0\u00a0\u00a0\u00a0\u00a0\u00a0\u00a0\u00a0\u00a0\u00a0\u00a0\u00a0\u00a0\u00a0\u00a0\u00a0\u00a0\u00a0\u00a0\u00a0\u00a0\u00a0\u00a0\u00a0\u00a0\u00a0\u00a0\u00a0\u00a0\u00a0\u00a0\u00a0\u00a0\u00a0\u00a0\u00a0\u00a0\u00a0\u00a0\u00a0\u00a0\u00a0\u00a0\u00a0\u00a0\u00a0\u00a0\u00a0\u00a0\u00a0\u00a0\u00a0\u00a0\u00a0\u00a0\u00a0\u00a0\u00a0\u00a0\u00a0\u00a0\u00a0\u00a0\u00a0\u00a0\u00a0\u00a0\u00a0\u00a0\u00a0\u00a0\u00a0\u00a0\u00a0\u00a0\u00a0\u00a0\u00a0\u00a0\u00a0\u00a0\u00a0\u00a0 <\/strong><\/h2>\n<p>Cookie-urile sunt foarte utile \u0219i \u00eendeplinesc diferite func\u021bii ce fac ca navigarea dvs. pe site s\u0103 fie u\u0219oar\u0103 \u0219i pl\u0103cut\u0103. A\u021bi putea spune c\u0103 sunt ca ni\u0219te \u201eamintiri\u201d pe care site-ul le p\u0103streaz\u0103 despre dvs., ajut\u00e2ndu-l s\u0103 \u021bin\u0103 minte cum a\u021bi navigat pe paginile sale \u0219i alegerile pe care le-a\u021bi f\u0103cut pe parcurs. Pute\u021bi naviga mai u\u0219or \u0219i mai rapid pe un site care \u00ee\u0219i aminte\u0219te de dvs., dec\u00e2t pe unul care nu v\u0103 recunoa\u0219te. De aceea, majoritatea site-urilor pe care le \u0219ti\u021bi \u0219i v\u0103 plac folosesc cookie-uri.<\/p>\n<h2><strong>Ce este \u00eentr-un cookie?<\/strong><\/h2>\n<p>Un cookie este un fragment simplu de informa\u021bie sub forma unui fi\u0219ier text foarte mic. Fiecare cookie \u00een parte este unic \u0219i este compus din numele site-ului care l-a creat \u0219i un \u0219ir unic de cifre \u0219i litere. Majoritatea site-urilor plaseaz\u0103 cookie-uri pe hard disk-ul dispozitivului t\u0103u (calculator, telefon mobil sau tablet\u0103) c\u00e2nd navighezi pe o pagin\u0103 de internet. Acest lucru este posibil din browser \u2013 de exemplu Google Chrome, Internet Explorer, Safari sau Firefox. Un cookie poate fi citit \u0219i recuperat doar de site-ul care l-a creat. Site-urile nu pot niciodat\u0103 s\u0103 fac\u0103 schimb de informa\u021bii \u00eentre ele prin cookie-uri. Unele cookie-uri sunt valabile doar pe durata vizitei tale. Aceste \u201ecookie-uri de sesiune\u201d dispar din calculatorul sau dispozitivul t\u0103u mobil dup\u0103 ce ai \u00eenchis browserul. Alte cookie-uri r\u0103m\u00e2n \u00een calculatorul sau dispozitivul t\u0103u mobil dup\u0103 ce ai \u00eenchis browserul \u0219i sunt valabile pentru o anumit\u0103 perioad\u0103 de timp. Aceste \u201ecookie-uri persistente\u201d sunt activate de fiecare dat\u0103 c\u00e2nd vizitezi site-ul care le-a generat.<\/p>\n<h2><strong>Ce nu este \u00eentr-un cookie?<\/strong><\/h2>\n<p>Cookie-urile (ca elemente de sine st\u0103t\u0103toare) NU con\u021bin:<\/p>\n<ul>\n<li>Informa\u021bii personale \u2013 nu po\u021bi fi identificat personal doar pe baza unui cookie.<\/li>\n<li>Cod de program \u2013 spre deosebire de un virus informatic, un cookie nu este compus din cod, asta \u00eensemn\u00e2nd c\u0103 nu este capabil s\u0103 strice dispozitivul t\u0103u.<\/li>\n<\/ul>\n<p>&nbsp;<\/p>\n<h2><strong>\u00cen ce scopuri folosim cookie-urile?<\/strong><\/h2>\n<p>O vizit\u0103 pe acest site poate plasa urm\u0103toarele tipuri de cookie-uri:<\/p>\n<ul>\n<li>cookie-uri strict necesare pentru func\u021bionarea site-ului<\/li>\n<li>cookie-uri de analiz\u0103 a comportamentului vizitatorilor site-ului<\/li>\n<li>cookie-uri pentru publicitate personalizat\u0103<\/li>\n<\/ul>\n<h3>Cookie-uri necesare<\/h3>\n<p>\u00cen primul r\u00e2nd, pot fi necesare pentru a asigura func\u0163ionarea corect\u0103 a site-ului web. De exemplu, cookie-urile pot fi folosite pentru asigurarea securit\u0103\u021bii site-ului \u0219i a vizitatorilor, prin prevenirea falsific\u0103rii inter site-uri. Aceasta categoriei de cookie-uri este activ\u0103 \u00een mod automat, nefiind condi\u0163ionat\u0103 de acordul vizitatorului. Am inclus aici \u015fi cookie-urile plasate pentru a-\u0163i afi\u015fa publicitate nepersonalizat\u0103 (care re\u0163in faptul c\u0103 o reclam\u0103 a fost afi\u015fat\u0103), precum \u015fi cele care ne m\u0103soar\u0103 audien\u0163a pe site (f\u0103r\u0103 \u00eens\u0103 a include componenta demografic\u0103 ori de segmentare a audien\u0163ei), \u00eentruc\u00e2t f\u0103r\u0103 m\u0103surarea traficului site-ul nostru nu poate fi profitabil, iar regulile de protejare a vie\u0163ii private nu urm\u0103resc a bloca afi\u015farea publicit\u0103\u0163ii.<\/p>\n<h3>Cookie-uri de analiz\u0103<\/h3>\n<p>Cookie-urile de analiz\u0103 colecteaz\u0103 informa\u021bii despre modul \u00een care vizitatorii folosesc o pagin\u0103 de internet, cum ar fi cele mai populare pagini, ce metod\u0103 de conectare a paginilor este cea mai eficace \u0219i dac\u0103 utilizatorii primesc mesaje de eroare de la paginile de internet. Aceste cookie-uri ne permit s\u0103 oferim utilizatorilor o experien\u021b\u0103 de utilizare de \u00eenalt\u0103 calitate \u015fi au rolul de a contribui la \u00eembun\u0103t\u0103\u021birea modului \u00een care func\u021bioneaz\u0103 pagina noastr\u0103 de internet, precum \u015fi la segmentarea demografic\u0103 a audien\u0163ei, care mai departe este folosit\u0103 \u00een personalizarea publicit\u0103\u0163ii dac\u0103 acest scop este permis.<\/p>\n<h3>Cookie-uri pentru publicitate personalizat\u0103<\/h3>\n<p>De asemenea, folosim cookie-uri pentru a permite personalizarea publicit\u0103\u0163ii online. Folosirea cookie-urilor de personalizare a publicit\u0103\u021bii este un standard actual al majorit\u0103\u021bii site-urilor importante pe care le vizita\u021bi. Publicitatea de acest tip ne ajut\u0103 s\u0103 ajungem la categoriile de clien\u021bi interesa\u021bi de un anumit tip de produs, c\u0103tre care se afi\u015feaz\u0103 reclamele respective. De regul\u0103, informa\u021biile despre categoriile care definesc plaja de utilizatori interesa\u021bi nu sunt date personale, dar profilul care se creeaz\u0103 despre vizitatori are la baz\u0103 datele colectate prin intermediul cookie-urilor de profilare publicitar\u0103, intr\u0103 \u00een categoria datelor personale. Cum aceste cookie-uri sunt plasate de ter\u021bi cu acordul nostru, rezult\u0103 c\u0103 profilarea (care este o prelucrare de date personale) prin intermediul acestor cookie-uri este efectuat\u0103 de noi ca operator de date. Pute\u0163i opta s\u0103 nu fi\u0163i profilat de Google \u00een scop publicitar, acces\u00e2nd https:\/\/www.google.com\/settings\/ads. \u00a0 <strong>www.marathon.com.ro va utiliza \u00een mod implicit doar cookie-uri strict necesare pentru func\u021bionarea site-ului, celelalte categorii de cookie-uri put\u00e2nd fi folosite doar cu consim\u021b\u0103m\u00e2ntul dvs.<\/strong> <strong>\u00a0<\/strong><\/p>\n<h2><strong>Cookie-urile care pot fi blocate din browser<\/strong><\/h2>\n<p>Majoritatea browserelor sunt setate s\u0103 accepte cookie-uri. \u00cens\u0103 dac\u0103 nu dori\u021bi acest lucru, pute\u021bi seta browserul dvs. fie s\u0103 v\u0103 anun\u021be ori de c\u00e2te ori primi\u021bi c\u00e2te un cookie, fie s\u0103 refuze acceptarea cookie-urilor. Trebuie \u00eens\u0103 s\u0103 \u0219ti\u021bi c\u0103 unele sec\u021biuni ale site-ului nostru nu vor putea fi vizualizate normal dac\u0103 a\u021bi setat browserul dvs. s\u0103 resping\u0103 toate cookie-urile. Acest lucru nu se \u00eent\u00e2mpl\u0103 \u00een mod inten\u021bionat, ci pentru c\u0103 unele func\u021bii ale website-ului nostru nu pot func\u021biona corect f\u0103r\u0103 folosirea cookie-urilor. \u00a0 Informa\u0163ii \u015fi instruc\u0163iuni cum s\u0103 edita\u0163i aceast\u0103 func\u0163ie pute\u0163i ob\u0163ine \u00een func\u0163ie de furnizorul dumneavoastr\u0103 de browser: <a href=\"https:\/\/www.mozilla.org\/ro\/firefox\/dnt\/\"><strong>Mozilla Firefox<\/strong><\/a> \u0406 <a href=\"https:\/\/support.microsoft.com\/ro-ro\/help\/17288\/windows-internet-explorer-11-use-do-not-track\"><strong>Internet Explorer<\/strong><\/a> \u0406 <a href=\"https:\/\/support.google.com\/chrome\/answer\/2790761?co=GENIE.Platform=Desktop&amp;hl=ro\"><strong>Google Chrome<\/strong><\/a> \u0406 \u00a0<strong><u>\u00a0<\/u><\/strong><a href=\"https:\/\/help.opera.com\/en\/latest\/web-preferences\/#cookies\"><strong>Opera<\/strong><\/a> \u0406 <a href=\"https:\/\/support.apple.com\/guide\/safari\/manage-cookies-sfri11471\/mac\"><strong>Safari<\/strong><\/a> <strong><u>\u00a0<\/u><\/strong><\/p>\n<h2><strong>Thirt Party Cookies<\/strong><\/h2>\n<p>Cookie-uri de la ter\u021bi (cunoscute \u0219i sub numele de cookie-uri de urm\u0103rire sau trackere) sunt create de \u201eter\u021be p\u0103r\u021bi\u201d, altele dec\u00e2t site-ul web pe care utilizatorul \u00eel viziteaz\u0103 \u00een prezent, \u00een scopul de a furniza servicii de publicitate, retargeting, analiz\u0103 \u0219i urm\u0103rire. Practic, cookie-urile ter\u021b\u0103 parte sunt setate de re\u021belele de publicitate la care un site se poate abona \u00een speran\u021ba de a cre\u0219te v\u00e2nz\u0103rile sau accesarea de pagini. Aceste cookie-uri nu sunt controlate de c\u0103tre Marathon iar pentru optarea sau consultarea regulilor aferente acestora, politicile ter\u021bilor care plaseaz\u0103 acest tip de cookies trebuie consultate. <strong>\u00a0<\/strong> Aceast\u0103 versiune a fost actualizat\u0103 la data de 02.04.2025.<\/p>\n\t<\/div>\n<\/div>\n\n\n\n\n\t\t\t<\/div> \n\t\t<\/div>\n\t<\/div> \n\n\t<div  class=\"vc_col-sm-2 wpb_column column_container vc_column_container col no-extra-padding inherit_tablet inherit_phone\"  data-padding-pos=\"all\" data-has-bg-color=\"false\" data-bg-color=\"\" data-bg-opacity=\"1\" data-animation=\"\" data-delay=\"0\" >\n\t\t<div class=\"vc_column-inner\" >\n\t\t\t<div class=\"wpb_wrapper\">\n\t\t\t\t\n\t\t\t<\/div> \n\t\t<\/div>\n\t<\/div> \n<\/div><\/div>","protected":false},"excerpt":{"rendered":"Politica de utilizarea a cookie-urilora site-ului www.marathon.com.ro Aceast\u0103 politic\u0103 se refer\u0103 la cookie-urile utilizate pe website-ul www.marathon.com.ro de c\u0103tre de\u021bin\u0103torul site-ului, Marathon Distribution Group SRL V\u0103 rug\u0103m s\u0103 consulta\u021bi aceast\u0103...","protected":false},"author":1,"featured_media":0,"parent":0,"menu_order":0,"comment_status":"closed","ping_status":"closed","template":"","meta":{"footnotes":""},"class_list":["post-1180","page","type-page","status-publish"],"yoast_head":"<!-- This site is optimized with the Yoast SEO plugin v25.4 - https:\/\/yoast.com\/wordpress\/plugins\/seo\/ -->\n<title>Politica Cookies - Marathon Distribution<\/title>\n<meta name=\"robots\" content=\"index, follow, max-snippet:-1, max-image-preview:large, max-video-preview:-1\" \/>\n<link rel=\"canonical\" href=\"https:\/\/marathon.com.ro\/en\/politica-cookies\/\" \/>\n<meta property=\"og:locale\" content=\"en_US\" \/>\n<meta property=\"og:type\" content=\"article\" \/>\n<meta property=\"og:title\" content=\"Politica Cookies - Marathon Distribution\" \/>\n<meta property=\"og:url\" content=\"https:\/\/marathon.com.ro\/en\/politica-cookies\/\" \/>\n<meta property=\"og:site_name\" content=\"Marathon Distribution\" \/>\n<meta property=\"article:modified_time\" content=\"2025-04-10T09:04:27+00:00\" \/>\n<meta name=\"twitter:card\" content=\"summary_large_image\" \/>\n<meta name=\"twitter:label1\" content=\"Est. reading time\" \/>\n\t<meta name=\"twitter:data1\" content=\"9 minutes\" \/>\n<script type=\"application\/ld+json\" class=\"yoast-schema-graph\">{\"@context\":\"https:\/\/schema.org\",\"@graph\":[{\"@type\":\"WebPage\",\"@id\":\"https:\/\/marathon.com.ro\/politica-cookies\/\",\"url\":\"https:\/\/marathon.com.ro\/politica-cookies\/\",\"name\":\"Politica Cookies - Marathon Distribution\",\"isPartOf\":{\"@id\":\"https:\/\/marathon.com.ro\/#website\"},\"datePublished\":\"2025-04-04T12:03:24+00:00\",\"dateModified\":\"2025-04-10T09:04:27+00:00\",\"breadcrumb\":{\"@id\":\"https:\/\/marathon.com.ro\/politica-cookies\/#breadcrumb\"},\"inLanguage\":\"en-US\",\"potentialAction\":[{\"@type\":\"ReadAction\",\"target\":[\"https:\/\/marathon.com.ro\/politica-cookies\/\"]}]},{\"@type\":\"BreadcrumbList\",\"@id\":\"https:\/\/marathon.com.ro\/politica-cookies\/#breadcrumb\",\"itemListElement\":[{\"@type\":\"ListItem\",\"position\":1,\"name\":\"Home\",\"item\":\"https:\/\/marathon.com.ro\/\"},{\"@type\":\"ListItem\",\"position\":2,\"name\":\"Politica Cookies\"}]},{\"@type\":\"WebSite\",\"@id\":\"https:\/\/marathon.com.ro\/#website\",\"url\":\"https:\/\/marathon.com.ro\/\",\"name\":\"Marathon Distribution\",\"description\":\"\",\"potentialAction\":[{\"@type\":\"SearchAction\",\"target\":{\"@type\":\"EntryPoint\",\"urlTemplate\":\"https:\/\/marathon.com.ro\/?s={search_term_string}\"},\"query-input\":{\"@type\":\"PropertyValueSpecification\",\"valueRequired\":true,\"valueName\":\"search_term_string\"}}],\"inLanguage\":\"en-US\"}]}<\/script>\n<!-- \/ Yoast SEO plugin. -->","yoast_head_json":{"title":"Politica Cookies - Marathon Distribution","robots":{"index":"index","follow":"follow","max-snippet":"max-snippet:-1","max-image-preview":"max-image-preview:large","max-video-preview":"max-video-preview:-1"},"canonical":"https:\/\/marathon.com.ro\/en\/politica-cookies\/","og_locale":"en_US","og_type":"article","og_title":"Politica Cookies - Marathon Distribution","og_url":"https:\/\/marathon.com.ro\/en\/politica-cookies\/","og_site_name":"Marathon Distribution","article_modified_time":"2025-04-10T09:04:27+00:00","twitter_card":"summary_large_image","twitter_misc":{"Est. reading time":"9 minutes"},"schema":{"@context":"https:\/\/schema.org","@graph":[{"@type":"WebPage","@id":"https:\/\/marathon.com.ro\/politica-cookies\/","url":"https:\/\/marathon.com.ro\/politica-cookies\/","name":"Politica Cookies - Marathon Distribution","isPartOf":{"@id":"https:\/\/marathon.com.ro\/#website"},"datePublished":"2025-04-04T12:03:24+00:00","dateModified":"2025-04-10T09:04:27+00:00","breadcrumb":{"@id":"https:\/\/marathon.com.ro\/politica-cookies\/#breadcrumb"},"inLanguage":"en-US","potentialAction":[{"@type":"ReadAction","target":["https:\/\/marathon.com.ro\/politica-cookies\/"]}]},{"@type":"BreadcrumbList","@id":"https:\/\/marathon.com.ro\/politica-cookies\/#breadcrumb","itemListElement":[{"@type":"ListItem","position":1,"name":"Home","item":"https:\/\/marathon.com.ro\/"},{"@type":"ListItem","position":2,"name":"Politica Cookies"}]},{"@type":"WebSite","@id":"https:\/\/marathon.com.ro\/#website","url":"https:\/\/marathon.com.ro\/","name":"Marathon Distribution","description":"","potentialAction":[{"@type":"SearchAction","target":{"@type":"EntryPoint","urlTemplate":"https:\/\/marathon.com.ro\/?s={search_term_string}"},"query-input":{"@type":"PropertyValueSpecification","valueRequired":true,"valueName":"search_term_string"}}],"inLanguage":"en-US"}]}},"_links":{"self":[{"href":"https:\/\/marathon.com.ro\/en\/wp-json\/wp\/v2\/pages\/1180","targetHints":{"allow":["GET"]}}],"collection":[{"href":"https:\/\/marathon.com.ro\/en\/wp-json\/wp\/v2\/pages"}],"about":[{"href":"https:\/\/marathon.com.ro\/en\/wp-json\/wp\/v2\/types\/page"}],"author":[{"embeddable":true,"href":"https:\/\/marathon.com.ro\/en\/wp-json\/wp\/v2\/users\/1"}],"replies":[{"embeddable":true,"href":"https:\/\/marathon.com.ro\/en\/wp-json\/wp\/v2\/comments?post=1180"}],"version-history":[{"count":9,"href":"https:\/\/marathon.com.ro\/en\/wp-json\/wp\/v2\/pages\/1180\/revisions"}],"predecessor-version":[{"id":1440,"href":"https:\/\/marathon.com.ro\/en\/wp-json\/wp\/v2\/pages\/1180\/revisions\/1440"}],"wp:attachment":[{"href":"https:\/\/marathon.com.ro\/en\/wp-json\/wp\/v2\/media?parent=1180"}],"curies":[{"name":"wp","href":"https:\/\/api.w.org\/{rel}","templated":true}]}}